{"id":1204,"date":"2023-01-16T11:03:34","date_gmt":"2023-01-16T14:03:34","guid":{"rendered":"https:\/\/mototrilha.com.br\/classificados\/?page_id=1204"},"modified":"2025-03-31T16:31:28","modified_gmt":"2025-03-31T19:31:28","slug":"registro","status":"publish","type":"page","link":"https:\/\/mototrilha.com.br\/classificados\/registro\/","title":{"rendered":"Registro"},"content":{"rendered":"<div class=\"directorist-w-100\">\n    <div class=\"directorist-container-fluid\">\n        <div class=\"directorist-row\">\n            <div class=\"directorist-col-md-6 directorist-offset-md-3 directorist-login-wrapper directorist-authentication \">\n                <div class=\"atbdp_login_form_shortcode directorist-authentication__form\">\n\n                    \n                    \n                    \n                                            <form action=\"#\" id=\"directorist__authentication__login\" method=\"POST\" class=\"directorist__authentication__signin\">\n                            <p class=\"status\"><\/p>\n                            <div class=\"directorist-form-group directorist-mb-15\">\n                                <label for=\"directorist__authentication__signin__username\">Nome de Usu\u00e1rio ou Endere\u00e7o de Email<\/label>\n                                <input type=\"text\" class=\"directorist-form-element\" id=\"username\" name=\"username\" \/>\n                            <\/div>\n\n                            <div class=\"directorist-form-group directorist-password-group\">\n                                <label for=\"directorist__authentication__signin__password\">Senha<\/label>\n                                <input type=\"password\" id=\"password\" autocomplete=\"off\" name=\"password\" class=\"directorist-form-element directorist-password-group-input\"\/>\n                                <span class=\"directorist-password-group-toggle\">\n                                    <svg class=\"directorist-password-group-eyeIcon\" xmlns=\"http:\/\/www.w3.org\/2000\/svg\" width=\"22\" height=\"22\" fill=\"none\" viewBox=\"0 0 24 24\">\n                                        <path stroke=\"#888\" stroke-width=\"2\" d=\"M1.5 12S5.5 5.5 12 5.5 22.5 12 22.5 12 18.5 18.5 12 18.5 1.5 12 1.5 12Z\"\/>\n                                        <circle cx=\"12\" cy=\"12\" r=\"3.5\" stroke=\"#888\" stroke-width=\"2\"\/>\n                                    <\/svg>\n                                <\/span>\n                            <\/div>\n                            <div class=\"directorist-authentication__form__actions\">\n\n                                                                    <div class=\"keep_signed directorist-checkbox\">\n                                        <input type=\"checkbox\" id=\"directorist_login_keep_signed_in\" value=\"1\" name=\"keep_signed_in\" checked \/>\n                                        <label for=\"directorist_login_keep_signed_in\" class=\"directorist-checkbox__label not_empty\">\n                                            Lembrar                                        <\/label>\n                                    <\/div>\n                                \n                                <a href='' class='atbdp_recovery_pass'> Recuperar Senha<\/a>                            <\/div>\n\n                            <div class=\"directorist-form-group atbd_login_btn_wrapper directorist-mb-15 directorist-authentication__form__btn-wrapper\">\n                                <button class=\"directorist-btn directorist-btn-block directorist-authentication__form__btn\" type=\"submit\" value=\"Entrar\" name=\"submit\" aria-label=\"Signin Button\">Entrar<\/button>\n                                <input type=\"hidden\" id=\"security\" name=\"security\" value=\"d7b4579ca8\" \/><input type=\"hidden\" name=\"_wp_http_referer\" value=\"\/classificados\/wp-json\/wp\/v2\/pages\/1204\" \/>                            <\/div>\n                        <\/form>\n\n                        <div class=\"atbd_social_login\">\n                                                    <\/div>\n\n                                                    <div class=\"directorist-authentication__form__toggle-area\">\n                                N\u00e3o tem uma conta ainda? Fa\u00e7a o seu registro e comece a publicar seus an\u00fancios.                                <button class=\"directorist-authentication__btn directorist-authentication__btn--signup\" aria-label=\"Signup Button\">Inscrever-se<\/button>\n                            <\/div>\n                        \n                        \n                        <div id=\"recover-pass-modal\" class=\"directorist-mt-15 directorist-authentication__form__recover-pass-modal\">\n                            <form action=\"#\" method=\"post\">\n                                <fieldset class=\"directorist-form-group\">\n                                    <p>Perdeu sua senha? Por favor, indique o seu endere\u00e7o de e-mail. Voc\u00ea receber\u00e1 um link para criar uma nova senha por e-mail.\n\n<\/p>\n                                    <label for=\"reset_user_login\">E-mail<\/label>\n                                    <input type=\"text\" class=\"directorist-mb-15 directorist-form-element\" name=\"user_login\" id=\"reset_user_login\" value=\"\" placeholder=\"ex. mail@example.com\" required=\"required\" \/>\n                                    <div class=\"directorist-authentication__form__btn-wrapper\">\n                                        <input type=\"hidden\" name=\"action\" value=\"reset\" \/>\n                                        <button type=\"submit\" class=\"directorist-btn directorist-authentication__form__btn\" id=\"directorist__authentication__submit\" aria-label=\"Recover Password Button\">Obtenha uma nova senha<\/button>\n                                        <input type=\"hidden\" value=\"e88a779808\" name=\"directorist_nonce\">\n                                    <\/div>\n                                <\/fieldset>\n                            <\/form>\n                        <\/div>\n                                    <\/div><!-- \/.atbdp_login_form_shortcode -->\n            <\/div>\n\n                        <div class=\"directorist-col-md-6 directorist-offset-md-3 directorist-registration-wrapper directorist-authentication active\">\n                <div class=\"directory_register_form_wrap directorist-authentication__form\">\n                    <div class=\"add_listing_title atbd_success_mesage directorist-authentication__message\">\n                                                <!--Registration failed, so show notification.-->\n                        <p style=\"padding: 20px; display:none;\" class=\"alert-danger directorist-register-error\"><i class=\"directorist-icon-mask\" aria-hidden=\"true\" style=\"--directorist-icon: url(https:\/\/mototrilha.com.br\/classificados\/wp-content\/plugins\/directorist\/assets\/icons\/line-awesome\/svgs\/exclamation-triangle-solid.svg)\"><\/i><\/p>\n                    <\/div>\n                    <form action=\"#\" method=\"post\" class=\"directorist__authentication__signup\">\n                        <div class=\"directorist-form-group directorist-mb-35\">\n                            <label for=\"directorist__authentication__signup__username\">Nome de Usu\u00e1rio <strong class=\"directorist-form-required\">*<\/strong><\/label>\n                            <input id=\"directorist__authentication__signup__username\" class=\"directorist-form-element\" type=\"text\" name=\"username\" value=\"\" required>\n                        <\/div>\n                        <div class=\"directorist-form-group directorist-mb-35\">\n                            <label for=\"directorist__authentication__signup__email\">E-mail <strong class=\"directorist-form-required\">*<\/strong><\/label>\n                            <input id=\"directorist__authentication__signup__email\" class=\"directorist-form-element\" type=\"text\" name=\"email\" value=\"\" required>\n                        <\/div>\n                                                    <div class=\"directorist-form-group directorist-mb-35\">\n                                <label for=\"directorist__authentication__signup__password\">Senha<strong class=\"directorist-form-required\">*<\/strong><\/label>\n                                <input id=\"directorist__authentication__signup__password\" class=\"directorist-form-element\" type=\"password\" name=\"password\" value=\"\" required>\n                            <\/div>\n                                                                        <div class=\"directorist-form-group directorist-mb-35\">\n                            <label for=\"directorist__authentication__signup__fname\">Nome<strong class=\"directorist-form-required\">*<\/strong><\/label>\n                            <input id=\"directorist__authentication__signup__fname\" class=\"directorist-form-element\" type=\"text\" name=\"fname\" value=\"\" required>\n                        <\/div>\n                                                                        <div class=\"directorist-form-group directorist-mb-35\">\n                            <label for=\"directorist__authentication__signup__lname\">Sobre Nome<strong class=\"directorist-form-required\">*<\/strong><\/label>\n                            <input class=\"directorist-form-element\" id=\"directorist__authentication__signup__lname\" type=\"text\" name=\"lname\" value=\"\" required>\n                        <\/div>\n                                                                            <div class=\"directorist-form-group directorist-mb-35\">\n                                <label for=\"directorist__authentication__signup__website\">Website<\/label>\n                                <input id=\"directorist__authentication__signup__website\" class=\"directorist-form-element\" type=\"text\" name=\"website\" value=\"\" >\n                            <\/div>\n                                                                        <div class=\"directorist-form-group directorist-mb-35\">\n                            <label for=\"directorist__authentication__signup__bio\">Biografia<\/label>\n                            <textarea id=\"directorist__authentication__signup__bio\" class=\"directorist-form-element\" name=\"bio\" rows=\"10\" placeholder=\"Biografia\" ><\/textarea>\n                        <\/div>\n                        \n                        \n                                                    <div class=\"atbd_privacy_policy_area directory_regi_btn directorist-checkbox directorist-mb-20\">\n                                <input id=\"directorist__authentication__signup__privacy_policy\" type=\"checkbox\" name=\"privacy_policy\" >\n                                <label for=\"directorist__authentication__signup__privacy_policy\" class=\"directorist-checkbox__label\">Estou de acordo com a <a style=\"color: red\" target=\"_blank\" href=\"https:\/\/mototrilha.com.br\/classificados\/politica-de-privacidade\/\">Pol\u00edtica de Privacidade<\/a> <span class=\"directorist-form-required\">*<\/span><\/label>\n                            <\/div>\n                                                                            <div class=\"atbd_term_and_condition_area directory_regi_btn directorist-checkbox directorist-mb-30\">\n                                <input id=\"directorist__authentication__signup__listing_t\" type=\"checkbox\" name=\"t_c_check\" >\n                                <label for=\"directorist__authentication__signup__listing_t\" class=\"directorist-checkbox__label\">Eu concordo com todos os                                    <a style=\"color: red\" target=\"_blank\" href=\"https:\/\/mototrilha.com.br\/classificados\/termo-de-utilizacao\/\">Termos e Condi\u00e7\u00f5es<\/a> <span class=\"directorist-form-required\">*<\/span><\/label>\n                            <\/div>\n                        \n                                                <div class=\"directory_regi_btn directorist-mb-15\">\n                                                        <input type=\"hidden\" value=\"e88a779808\" name=\"directorist_nonce\">\n                            <a class=\"directorist-btn directorist-authentication__form__btn\" href=\"#\">Inscrever-se<\/a>\n                        <\/div>\n                        <div class=\"directory_regi_btn directorist-authentication__form__toggle-area\">\n                            <p>J\u00e1 tem uma conta? Por favor entre <button class=\"directorist-authentication__btn directorist-authentication__btn--signin\">Aqui<\/button><\/p>\n                        <\/div>\n                    <\/form>\n                <\/div>\n            <\/div>\n                    <\/div>\n    <\/div>\n<\/div>\n","protected":false},"excerpt":{"rendered":"","protected":false},"author":1,"featured_media":0,"parent":0,"menu_order":0,"comment_status":"closed","ping_status":"closed","template":"","meta":{"footnotes":""},"class_list":["post-1204","page","type-page","status-publish","hentry"],"yoast_head":"<!-- This site is optimized with the Yoast SEO plugin v27.5 - https:\/\/yoast.com\/product\/yoast-seo-wordpress\/ -->\n<title>Registro - Classificados MotoTrilha<\/title>\n<meta name=\"robots\" content=\"index, follow, max-snippet:-1, max-image-preview:large, max-video-preview:-1\" \/>\n<link rel=\"canonical\" href=\"https:\/\/mototrilha.com.br\/classificados\/registro\/\" \/>\n<meta property=\"og:locale\" content=\"pt_BR\" \/>\n<meta property=\"og:type\" content=\"article\" \/>\n<meta property=\"og:title\" content=\"Registro - Classificados MotoTrilha\" \/>\n<meta property=\"og:url\" content=\"https:\/\/mototrilha.com.br\/classificados\/registro\/\" \/>\n<meta property=\"og:site_name\" content=\"Classificados MotoTrilha\" \/>\n<meta property=\"article:modified_time\" content=\"2025-03-31T19:31:28+00:00\" \/>\n<meta name=\"twitter:card\" content=\"summary_large_image\" \/>\n<script type=\"application\/ld+json\" class=\"yoast-schema-graph\">{\"@context\":\"https:\\\/\\\/schema.org\",\"@graph\":[{\"@type\":\"WebPage\",\"@id\":\"https:\\\/\\\/mototrilha.com.br\\\/classificados\\\/registro\\\/\",\"url\":\"https:\\\/\\\/mototrilha.com.br\\\/classificados\\\/registro\\\/\",\"name\":\"Registro - Classificados MotoTrilha\",\"isPartOf\":{\"@id\":\"https:\\\/\\\/mototrilha.com.br\\\/classificados\\\/#website\"},\"datePublished\":\"2023-01-16T14:03:34+00:00\",\"dateModified\":\"2025-03-31T19:31:28+00:00\",\"breadcrumb\":{\"@id\":\"https:\\\/\\\/mototrilha.com.br\\\/classificados\\\/registro\\\/#breadcrumb\"},\"inLanguage\":\"pt-BR\",\"potentialAction\":[{\"@type\":\"ReadAction\",\"target\":[\"https:\\\/\\\/mototrilha.com.br\\\/classificados\\\/registro\\\/\"]}]},{\"@type\":\"BreadcrumbList\",\"@id\":\"https:\\\/\\\/mototrilha.com.br\\\/classificados\\\/registro\\\/#breadcrumb\",\"itemListElement\":[{\"@type\":\"ListItem\",\"position\":1,\"name\":\"In\u00edcio\",\"item\":\"https:\\\/\\\/mototrilha.com.br\\\/classificados\\\/\"},{\"@type\":\"ListItem\",\"position\":2,\"name\":\"Registro\"}]},{\"@type\":\"WebSite\",\"@id\":\"https:\\\/\\\/mototrilha.com.br\\\/classificados\\\/#website\",\"url\":\"https:\\\/\\\/mototrilha.com.br\\\/classificados\\\/\",\"name\":\"Classificados MotoTrilha\",\"description\":\"Classificados On-Line.\",\"publisher\":{\"@id\":\"https:\\\/\\\/mototrilha.com.br\\\/classificados\\\/#organization\"},\"potentialAction\":[{\"@type\":\"SearchAction\",\"target\":{\"@type\":\"EntryPoint\",\"urlTemplate\":\"https:\\\/\\\/mototrilha.com.br\\\/classificados\\\/?s={search_term_string}\"},\"query-input\":{\"@type\":\"PropertyValueSpecification\",\"valueRequired\":true,\"valueName\":\"search_term_string\"}}],\"inLanguage\":\"pt-BR\"},{\"@type\":\"Organization\",\"@id\":\"https:\\\/\\\/mototrilha.com.br\\\/classificados\\\/#organization\",\"name\":\"Classificados MotoTrilha\",\"url\":\"https:\\\/\\\/mototrilha.com.br\\\/classificados\\\/\",\"logo\":{\"@type\":\"ImageObject\",\"inLanguage\":\"pt-BR\",\"@id\":\"https:\\\/\\\/mototrilha.com.br\\\/classificados\\\/#\\\/schema\\\/logo\\\/image\\\/\",\"url\":\"https:\\\/\\\/mototrilha.com.br\\\/classificados\\\/wp-content\\\/uploads\\\/2026\\\/04\\\/cropped-NewLogo_Class_MotoTrilha2026_450X110.jpg\",\"contentUrl\":\"https:\\\/\\\/mototrilha.com.br\\\/classificados\\\/wp-content\\\/uploads\\\/2026\\\/04\\\/cropped-NewLogo_Class_MotoTrilha2026_450X110.jpg\",\"width\":450,\"height\":110,\"caption\":\"Classificados MotoTrilha\"},\"image\":{\"@id\":\"https:\\\/\\\/mototrilha.com.br\\\/classificados\\\/#\\\/schema\\\/logo\\\/image\\\/\"}}]}<\/script>\n<!-- \/ Yoast SEO plugin. -->","yoast_head_json":{"title":"Registro - Classificados MotoTrilha","robots":{"index":"index","follow":"follow","max-snippet":"max-snippet:-1","max-image-preview":"max-image-preview:large","max-video-preview":"max-video-preview:-1"},"canonical":"https:\/\/mototrilha.com.br\/classificados\/registro\/","og_locale":"pt_BR","og_type":"article","og_title":"Registro - Classificados MotoTrilha","og_url":"https:\/\/mototrilha.com.br\/classificados\/registro\/","og_site_name":"Classificados MotoTrilha","article_modified_time":"2025-03-31T19:31:28+00:00","twitter_card":"summary_large_image","schema":{"@context":"https:\/\/schema.org","@graph":[{"@type":"WebPage","@id":"https:\/\/mototrilha.com.br\/classificados\/registro\/","url":"https:\/\/mototrilha.com.br\/classificados\/registro\/","name":"Registro - Classificados MotoTrilha","isPartOf":{"@id":"https:\/\/mototrilha.com.br\/classificados\/#website"},"datePublished":"2023-01-16T14:03:34+00:00","dateModified":"2025-03-31T19:31:28+00:00","breadcrumb":{"@id":"https:\/\/mototrilha.com.br\/classificados\/registro\/#breadcrumb"},"inLanguage":"pt-BR","potentialAction":[{"@type":"ReadAction","target":["https:\/\/mototrilha.com.br\/classificados\/registro\/"]}]},{"@type":"BreadcrumbList","@id":"https:\/\/mototrilha.com.br\/classificados\/registro\/#breadcrumb","itemListElement":[{"@type":"ListItem","position":1,"name":"In\u00edcio","item":"https:\/\/mototrilha.com.br\/classificados\/"},{"@type":"ListItem","position":2,"name":"Registro"}]},{"@type":"WebSite","@id":"https:\/\/mototrilha.com.br\/classificados\/#website","url":"https:\/\/mototrilha.com.br\/classificados\/","name":"Classificados MotoTrilha","description":"Classificados On-Line.","publisher":{"@id":"https:\/\/mototrilha.com.br\/classificados\/#organization"},"potentialAction":[{"@type":"SearchAction","target":{"@type":"EntryPoint","urlTemplate":"https:\/\/mototrilha.com.br\/classificados\/?s={search_term_string}"},"query-input":{"@type":"PropertyValueSpecification","valueRequired":true,"valueName":"search_term_string"}}],"inLanguage":"pt-BR"},{"@type":"Organization","@id":"https:\/\/mototrilha.com.br\/classificados\/#organization","name":"Classificados MotoTrilha","url":"https:\/\/mototrilha.com.br\/classificados\/","logo":{"@type":"ImageObject","inLanguage":"pt-BR","@id":"https:\/\/mototrilha.com.br\/classificados\/#\/schema\/logo\/image\/","url":"https:\/\/mototrilha.com.br\/classificados\/wp-content\/uploads\/2026\/04\/cropped-NewLogo_Class_MotoTrilha2026_450X110.jpg","contentUrl":"https:\/\/mototrilha.com.br\/classificados\/wp-content\/uploads\/2026\/04\/cropped-NewLogo_Class_MotoTrilha2026_450X110.jpg","width":450,"height":110,"caption":"Classificados MotoTrilha"},"image":{"@id":"https:\/\/mototrilha.com.br\/classificados\/#\/schema\/logo\/image\/"}}]}},"post_mailing_queue_ids":[],"_links":{"self":[{"href":"https:\/\/mototrilha.com.br\/classificados\/wp-json\/wp\/v2\/pages\/1204","targetHints":{"allow":["GET"]}}],"collection":[{"href":"https:\/\/mototrilha.com.br\/classificados\/wp-json\/wp\/v2\/pages"}],"about":[{"href":"https:\/\/mototrilha.com.br\/classificados\/wp-json\/wp\/v2\/types\/page"}],"author":[{"embeddable":true,"href":"https:\/\/mototrilha.com.br\/classificados\/wp-json\/wp\/v2\/users\/1"}],"replies":[{"embeddable":true,"href":"https:\/\/mototrilha.com.br\/classificados\/wp-json\/wp\/v2\/comments?post=1204"}],"version-history":[{"count":7,"href":"https:\/\/mototrilha.com.br\/classificados\/wp-json\/wp\/v2\/pages\/1204\/revisions"}],"predecessor-version":[{"id":2182,"href":"https:\/\/mototrilha.com.br\/classificados\/wp-json\/wp\/v2\/pages\/1204\/revisions\/2182"}],"wp:attachment":[{"href":"https:\/\/mototrilha.com.br\/classificados\/wp-json\/wp\/v2\/media?parent=1204"}],"curies":[{"name":"wp","href":"https:\/\/api.w.org\/{rel}","templated":true}]}}