{"id":1212,"date":"2023-01-16T11:04:31","date_gmt":"2023-01-16T14:04:31","guid":{"rendered":"https:\/\/mototrilha.com.br\/classificados\/?page_id=1212"},"modified":"2023-01-26T14:22:37","modified_gmt":"2023-01-26T17:22:37","slug":"falha","status":"publish","type":"page","link":"https:\/\/mototrilha.com.br\/classificados\/falha\/","title":{"rendered":"Falha"},"content":{"rendered":"<p>&lt;P&gt;&lt;\/P&gt;<!-- directorist-shortcode:: [ directorist_transaction_failure] -->Sua transa\u00e7\u00e3o n\u00e3o foi bem-sucedida. Entre em contato com o SUPORTE!<\/p>\n","protected":false},"excerpt":{"rendered":"<p>&lt;P&gt;&lt;\/P&gt;<\/p>\n","protected":false},"author":1,"featured_media":0,"parent":0,"menu_order":0,"comment_status":"closed","ping_status":"closed","template":"","meta":{"footnotes":""},"class_list":["post-1212","page","type-page","status-publish","hentry"],"yoast_head":"<!-- This site is optimized with the Yoast SEO plugin v27.5 - https:\/\/yoast.com\/product\/yoast-seo-wordpress\/ -->\n<title>Falha - Classificados MotoTrilha<\/title>\n<meta name=\"robots\" content=\"index, follow, max-snippet:-1, max-image-preview:large, max-video-preview:-1\" \/>\n<link rel=\"canonical\" href=\"https:\/\/mototrilha.com.br\/classificados\/falha\/\" \/>\n<meta property=\"og:locale\" content=\"pt_BR\" \/>\n<meta property=\"og:type\" content=\"article\" \/>\n<meta property=\"og:title\" content=\"Falha - Classificados MotoTrilha\" \/>\n<meta property=\"og:description\" content=\"&lt;P&gt;&lt;\/P&gt;\" \/>\n<meta property=\"og:url\" content=\"https:\/\/mototrilha.com.br\/classificados\/falha\/\" \/>\n<meta property=\"og:site_name\" content=\"Classificados MotoTrilha\" \/>\n<meta property=\"article:modified_time\" content=\"2023-01-26T17:22:37+00:00\" \/>\n<meta name=\"twitter:card\" content=\"summary_large_image\" \/>\n<script type=\"application\/ld+json\" class=\"yoast-schema-graph\">{\"@context\":\"https:\\\/\\\/schema.org\",\"@graph\":[{\"@type\":\"WebPage\",\"@id\":\"https:\\\/\\\/mototrilha.com.br\\\/classificados\\\/falha\\\/\",\"url\":\"https:\\\/\\\/mototrilha.com.br\\\/classificados\\\/falha\\\/\",\"name\":\"Falha - Classificados MotoTrilha\",\"isPartOf\":{\"@id\":\"https:\\\/\\\/mototrilha.com.br\\\/classificados\\\/#website\"},\"datePublished\":\"2023-01-16T14:04:31+00:00\",\"dateModified\":\"2023-01-26T17:22:37+00:00\",\"breadcrumb\":{\"@id\":\"https:\\\/\\\/mototrilha.com.br\\\/classificados\\\/falha\\\/#breadcrumb\"},\"inLanguage\":\"pt-BR\",\"potentialAction\":[{\"@type\":\"ReadAction\",\"target\":[\"https:\\\/\\\/mototrilha.com.br\\\/classificados\\\/falha\\\/\"]}]},{\"@type\":\"BreadcrumbList\",\"@id\":\"https:\\\/\\\/mototrilha.com.br\\\/classificados\\\/falha\\\/#breadcrumb\",\"itemListElement\":[{\"@type\":\"ListItem\",\"position\":1,\"name\":\"In\u00edcio\",\"item\":\"https:\\\/\\\/mototrilha.com.br\\\/classificados\\\/\"},{\"@type\":\"ListItem\",\"position\":2,\"name\":\"Falha\"}]},{\"@type\":\"WebSite\",\"@id\":\"https:\\\/\\\/mototrilha.com.br\\\/classificados\\\/#website\",\"url\":\"https:\\\/\\\/mototrilha.com.br\\\/classificados\\\/\",\"name\":\"Classificados MotoTrilha\",\"description\":\"Classificados On-Line.\",\"publisher\":{\"@id\":\"https:\\\/\\\/mototrilha.com.br\\\/classificados\\\/#organization\"},\"potentialAction\":[{\"@type\":\"SearchAction\",\"target\":{\"@type\":\"EntryPoint\",\"urlTemplate\":\"https:\\\/\\\/mototrilha.com.br\\\/classificados\\\/?s={search_term_string}\"},\"query-input\":{\"@type\":\"PropertyValueSpecification\",\"valueRequired\":true,\"valueName\":\"search_term_string\"}}],\"inLanguage\":\"pt-BR\"},{\"@type\":\"Organization\",\"@id\":\"https:\\\/\\\/mototrilha.com.br\\\/classificados\\\/#organization\",\"name\":\"Classificados MotoTrilha\",\"url\":\"https:\\\/\\\/mototrilha.com.br\\\/classificados\\\/\",\"logo\":{\"@type\":\"ImageObject\",\"inLanguage\":\"pt-BR\",\"@id\":\"https:\\\/\\\/mototrilha.com.br\\\/classificados\\\/#\\\/schema\\\/logo\\\/image\\\/\",\"url\":\"https:\\\/\\\/mototrilha.com.br\\\/classificados\\\/wp-content\\\/uploads\\\/2026\\\/04\\\/cropped-NewLogo_Class_MotoTrilha2026_450X110.jpg\",\"contentUrl\":\"https:\\\/\\\/mototrilha.com.br\\\/classificados\\\/wp-content\\\/uploads\\\/2026\\\/04\\\/cropped-NewLogo_Class_MotoTrilha2026_450X110.jpg\",\"width\":450,\"height\":110,\"caption\":\"Classificados MotoTrilha\"},\"image\":{\"@id\":\"https:\\\/\\\/mototrilha.com.br\\\/classificados\\\/#\\\/schema\\\/logo\\\/image\\\/\"}}]}<\/script>\n<!-- \/ Yoast SEO plugin. -->","yoast_head_json":{"title":"Falha - Classificados MotoTrilha","robots":{"index":"index","follow":"follow","max-snippet":"max-snippet:-1","max-image-preview":"max-image-preview:large","max-video-preview":"max-video-preview:-1"},"canonical":"https:\/\/mototrilha.com.br\/classificados\/falha\/","og_locale":"pt_BR","og_type":"article","og_title":"Falha - Classificados MotoTrilha","og_description":"&lt;P&gt;&lt;\/P&gt;","og_url":"https:\/\/mototrilha.com.br\/classificados\/falha\/","og_site_name":"Classificados MotoTrilha","article_modified_time":"2023-01-26T17:22:37+00:00","twitter_card":"summary_large_image","schema":{"@context":"https:\/\/schema.org","@graph":[{"@type":"WebPage","@id":"https:\/\/mototrilha.com.br\/classificados\/falha\/","url":"https:\/\/mototrilha.com.br\/classificados\/falha\/","name":"Falha - Classificados MotoTrilha","isPartOf":{"@id":"https:\/\/mototrilha.com.br\/classificados\/#website"},"datePublished":"2023-01-16T14:04:31+00:00","dateModified":"2023-01-26T17:22:37+00:00","breadcrumb":{"@id":"https:\/\/mototrilha.com.br\/classificados\/falha\/#breadcrumb"},"inLanguage":"pt-BR","potentialAction":[{"@type":"ReadAction","target":["https:\/\/mototrilha.com.br\/classificados\/falha\/"]}]},{"@type":"BreadcrumbList","@id":"https:\/\/mototrilha.com.br\/classificados\/falha\/#breadcrumb","itemListElement":[{"@type":"ListItem","position":1,"name":"In\u00edcio","item":"https:\/\/mototrilha.com.br\/classificados\/"},{"@type":"ListItem","position":2,"name":"Falha"}]},{"@type":"WebSite","@id":"https:\/\/mototrilha.com.br\/classificados\/#website","url":"https:\/\/mototrilha.com.br\/classificados\/","name":"Classificados MotoTrilha","description":"Classificados On-Line.","publisher":{"@id":"https:\/\/mototrilha.com.br\/classificados\/#organization"},"potentialAction":[{"@type":"SearchAction","target":{"@type":"EntryPoint","urlTemplate":"https:\/\/mototrilha.com.br\/classificados\/?s={search_term_string}"},"query-input":{"@type":"PropertyValueSpecification","valueRequired":true,"valueName":"search_term_string"}}],"inLanguage":"pt-BR"},{"@type":"Organization","@id":"https:\/\/mototrilha.com.br\/classificados\/#organization","name":"Classificados MotoTrilha","url":"https:\/\/mototrilha.com.br\/classificados\/","logo":{"@type":"ImageObject","inLanguage":"pt-BR","@id":"https:\/\/mototrilha.com.br\/classificados\/#\/schema\/logo\/image\/","url":"https:\/\/mototrilha.com.br\/classificados\/wp-content\/uploads\/2026\/04\/cropped-NewLogo_Class_MotoTrilha2026_450X110.jpg","contentUrl":"https:\/\/mototrilha.com.br\/classificados\/wp-content\/uploads\/2026\/04\/cropped-NewLogo_Class_MotoTrilha2026_450X110.jpg","width":450,"height":110,"caption":"Classificados MotoTrilha"},"image":{"@id":"https:\/\/mototrilha.com.br\/classificados\/#\/schema\/logo\/image\/"}}]}},"post_mailing_queue_ids":[],"_links":{"self":[{"href":"https:\/\/mototrilha.com.br\/classificados\/wp-json\/wp\/v2\/pages\/1212","targetHints":{"allow":["GET"]}}],"collection":[{"href":"https:\/\/mototrilha.com.br\/classificados\/wp-json\/wp\/v2\/pages"}],"about":[{"href":"https:\/\/mototrilha.com.br\/classificados\/wp-json\/wp\/v2\/types\/page"}],"author":[{"embeddable":true,"href":"https:\/\/mototrilha.com.br\/classificados\/wp-json\/wp\/v2\/users\/1"}],"replies":[{"embeddable":true,"href":"https:\/\/mototrilha.com.br\/classificados\/wp-json\/wp\/v2\/comments?post=1212"}],"version-history":[{"count":3,"href":"https:\/\/mototrilha.com.br\/classificados\/wp-json\/wp\/v2\/pages\/1212\/revisions"}],"predecessor-version":[{"id":1401,"href":"https:\/\/mototrilha.com.br\/classificados\/wp-json\/wp\/v2\/pages\/1212\/revisions\/1401"}],"wp:attachment":[{"href":"https:\/\/mototrilha.com.br\/classificados\/wp-json\/wp\/v2\/media?parent=1212"}],"curies":[{"name":"wp","href":"https:\/\/api.w.org\/{rel}","templated":true}]}}